{"id":489,"date":"2017-06-22T12:10:24","date_gmt":"2017-06-22T15:10:24","guid":{"rendered":"http:\/\/www.encontrafeiradesantana.com.br\/noticias\/?page_id=489"},"modified":"2025-12-05T14:20:38","modified_gmt":"2025-12-05T17:20:38","slug":"sobre-feira-de-santana","status":"publish","type":"page","link":"https:\/\/www.encontrafeiradesantana.com.br\/sobre\/","title":{"rendered":"Sobre Feira de Santana"},"content":{"rendered":"<div class=\"3f468104ad11f00a3c9ac948316f4265\" data-index=\"1\" style=\"float: none; margin:0px;\">\n<ins class=\"adsbygoogle\"\r\n     style=\"display:block\"\r\n     data-ad-client=\"ca-pub-8585364105181520\"\r\n     data-ad-slot=\"8789329856\"\r\n     data-ad-format=\"auto\"\r\n     data-full-width-responsive=\"true\"><\/ins>\r\n<script>\r\n     (adsbygoogle = window.adsbygoogle || []).push({});\r\n<\/script>\r\n\n<\/div>\n<h1>Limites &#8211; Cidades Vizinhas<\/h1>\n<p>Santa B\u00e1rbara, Santan\u00f3polis, Tanquinho, Candeal, Ant\u00f4nio Cardoso, S\u00e3o Gon\u00e7alo dos Campos, Santo Amaro da Purifica\u00e7\u00e3o, Cora\u00e7\u00e3o de Maria, Anguera, Serra Preta, Ipecaet\u00e1, Am\u00e9lia Rodrigues e Concei\u00e7\u00e3o do Jacu\u00edpe.<\/p>\n<h4>Dados Principais sobre Feira de Santana<\/h4>\n<p><strong>Anivers\u00e1rio:<\/strong> 18 de Setembro<br \/>\n<strong>Funda\u00e7\u00e3o:<\/strong> 1873<br \/>\n<strong>Gent\u00edlico:<\/strong> Feirense<br \/>\n<strong>Area:<\/strong> 1 362,880 Km\u00b2<br \/>\n<strong>Popula\u00e7\u00e3o:<\/strong> 556 756 hab. (2010)<br \/>\n<strong>IDH:<\/strong> 0,740 &#8211; m\u00e9dio<br \/>\n<a title=\"Prefeitura Feira de Santana\" href=\"https:\/\/feira-santana.prefeituras.org\/\" target=\"_blank\" rel=\"noopener\">Prefeitura Feira de Santana<\/a><\/p>\n<p><img loading=\"lazy\" decoding=\"async\" title=\"Bras\u00e3o de Feira de Santana\" src=\"https:\/\/www.encontrafeiradesantana.com.br\/imgs\/imagens-feira-de-santana\/brasao-de-feira-de-santana.jpg\" alt=\"Bras\u00e3o de Feira de Santana\" width=\"104\" height=\"119\" \/><\/p>\n<p><img loading=\"lazy\" decoding=\"async\" title=\"Bandeira de Feira de Santana\" src=\"https:\/\/www.encontrafeiradesantana.com.br\/imgs\/imagens-feira-de-santana\/bandeira-de-feira-de-santana.jpg\" alt=\"Bandeira de Feira de Santana\" width=\"145\" height=\"93\" \/><\/p>\n<h2>Hist\u00f3ria de Feira de Santana<\/h2>\n<p><img decoding=\"async\" class=\"size-full wp-image-490 aligncenter\" src=\"https:\/\/www.encontrafeiradesantana.com.br\/noticias\/wp-content\/uploads\/2017\/06\/cidade-feira-de-santana.jpg\" alt=\"\" width=\"100%\" height=\"198\" srcset=\"https:\/\/www.encontrafeiradesantana.com.br\/sobre\/wp-content\/uploads\/2017\/06\/cidade-feira-de-santana.jpg 565w, https:\/\/www.encontrafeiradesantana.com.br\/sobre\/wp-content\/uploads\/2017\/06\/cidade-feira-de-santana-300x105.jpg 300w\" sizes=\"(max-width: 565px) 100vw, 565px\" \/><\/p>\n<p><strong>Feira de Santana<\/strong> \u00e9 um munic\u00edpio brasileiro do estado da Bahia, situado a 107 quil\u00f4metros de sua capital, Salvador, \u00e0 qual se liga atrav\u00e9s da BR-324. Feira \u00e9 a segunda cidade mais populosa do estado e maior cidade do interior nordestino em popula\u00e7\u00e3o, ou seja, \u00e9 a maior cidade de toda a regi\u00e3o Nordeste do Brasil que n\u00e3o seja capital de um estado. \u00c9 tamb\u00e9m sede da regi\u00e3o metropolitana de mesmo nome, a Regi\u00e3o Metropolitana de Feira de Santana, que concentra mais de 672 mil habitantes (2010).<br \/>\nLocaliza-se a 12\u00ba16&#8217;00&#8221; de latitude sul e 38\u00ba58&#8217;00&#8221; de longitude oeste, a uma altitude de 234 metros. Sua popula\u00e7\u00e3o recenseada pelo censo do IBGE em 2010 era de 556 756 habitantes.<\/p>\n<p>Ganhou de Ruy Barbosa, o \u00c1guia de Haia, a alcunha de &#8220;Princesa do Sert\u00e3o&#8221;, apesar de localizada no agreste baiano, e possui alguns dos melhores \u00edndices do estado: o segundo maior acesso \u00e0 rede de esgoto da regi\u00e3o; o maior centro de abastecimento do Norte-Nordeste; al\u00e9m de internet gratuita \u00e0 popula\u00e7\u00e3o, fornecida nas pra\u00e7as no centro da cidade, no conjunto Feira V (ao lado da Capela S\u00e3o Francisco de Assis) e tamb\u00e9m na rodovi\u00e1ria municipal, servindo cerca de 35 mil usu\u00e1rios di\u00e1rios em m\u00e9dia no munic\u00edpio.<\/p>\n<p>A cidade encontra-se num dos principais entroncamentos de rodovias do Nordeste brasileiro, \u00e9 onde ocorre o encontro das BRs 101, 116 e 324, funcionando como ponto de passagem para o tr\u00e1fego que vem do Sul e do Centro-Oeste e se dirige para Salvador e outras importantes cidades nordestinas. Gra\u00e7as a esta posi\u00e7\u00e3o privilegiada e \u00e0 dist\u00e2ncia relativamente pequena de Salvador, possui um importante e diversificado setor de com\u00e9rcio e servi\u00e7os, al\u00e9m de ind\u00fastrias de transforma\u00e7\u00e3o e a Universidade Estadual de Feira de Santana, com 21 cursos, al\u00e9m de seis faculdades particulares, um aglomerado industrial focada na \u00e1rea aliment\u00edcia e na produ\u00e7\u00e3o de biodiesel, e uma complexa f\u00e1brica de avi\u00f5es ultraleves, ao lado do aeroporto existente no munic\u00edpio.<\/p>\n<h2 class=\"style4\">Regi\u00e3o Metropolitana de Feira de Santana<\/h2>\n<p>A Regi\u00e3o Metropolitana de Feira de Santana (RMFS) foi sancionada pelo governador Jaques Wagner em 6 de julho de 2011 pela Lei Complementar n\u00ba 35, e entrou em vigor a partir do dia 7 de julho de 2011, dia em que o decreto foi publicado no Di\u00e1rio Oficial. Salvador e Feira de Santana est\u00e3o separadas por cerca de 109 km. Contudo, suas regi\u00f5es metropolitanas s\u00e3o vizinhas, uma vez que Am\u00e9lia Rodrigues (RMFS), limita-se com S\u00e3o Sebasti\u00e3o do Pass\u00e9, na Regi\u00e3o Metropolitana de Salvador.<\/p>\n<p>Com uma popula\u00e7\u00e3o total de 672 701 habitantes, a Regi\u00e3o Metropolitana de Feira de Santana engloba seis munic\u00edpios; Am\u00e9lia Rodrigues, Concei\u00e7\u00e3o da Feira, Concei\u00e7\u00e3o do Jacu\u00edpe, Tanquinho, S\u00e3o Gon\u00e7alo dos Campos e Feira de Santana. Durante a segunda fase de incorpora\u00e7\u00e3o da RMFS, incluir-se-\u00e3o as cidades de Anguera, Ant\u00f4nio Cardoso, Candeal, Cora\u00e7\u00e3o de Maria, Ipecaet\u00e1, Irar\u00e1, Santa B\u00e1rbara, Santan\u00f3polis, Serra Preta e Riach\u00e3o do Jacu\u00edpe. Ap\u00f3s a segunda fase, a regi\u00e3o metropolitana contar\u00e1 com uma popula\u00e7\u00e3o estimada de 848.647 habitantes. Ap\u00f3s a conclus\u00e3o da incoorpora\u00e7\u00e3o das outras cidades, as duas regi\u00f5es metropolitanas da Bahia contar\u00e3o com uma popula\u00e7\u00e3o de 4 423 451 cidad\u00e3os, divididas em 29 cidades que somam praticamente 30% da popula\u00e7\u00e3o do estado.<\/p>\n<h3 class=\"style4\">Industrializa\u00e7\u00e3o<\/h3>\n<p>O munic\u00edpio \u00e9 banhado pela regi\u00e3o industrial do rec\u00f4ncavo baiano, beneficiado por ind\u00fastrias de base, qu\u00edmicas, e automobil\u00edsticas (tal regi\u00e3o \u00e9 o maior polo automobil\u00edstico do nordeste). Recentemente, est\u00e1 a receber ind\u00fastrias de tecnologia da informa\u00e7\u00e3o, como a coreana Digitmedia, e tamb\u00e9m ind\u00fastrias alimet\u00edcias, como a americana PepsiCo.<\/p>\n<p>A principal regi\u00e3o industrial de Feira de Santana \u00e9 o Centro Industrial de Suba\u00e9, considerado um tr\u00eas maiores centros industriais da Bahia, atr\u00e1s apenas do Polo de Cama\u00e7ari e o Centro Industrial de Aratu. O local atrai grandes empresas por conta de incentivos fiscais, por conta dos baixos sal\u00e1rios que um trabalhador baiano recebe em rela\u00e7\u00e3o aos das regi\u00f5es Sul e Sudeste, e pela localiza\u00e7\u00e3o privilegiada (fica em rotas comerciais pr\u00f3ximas ao Sudeste). Feira de Santana tamb\u00e9m \u00e9 o primeiro munic\u00edpio do interior (ou seja, cidade n\u00e3o capital) do nordeste a abrigar uma unidade da Defensoria P\u00fablica Federal.<\/p>\n<p>A cidade est\u00e1 situada na regi\u00e3o industrial de Salvador, em uma \u00e1rea industrial que se estende desde o litoral norte baiano at\u00e9 o Centro Industrial de Suba\u00e9 e o Centro Industrial de Cama\u00e7ari. Ap\u00f3s esta zona industrial receber corpora\u00e7\u00f5es como a Dagris, a Petrobras e a Brasil Ecodiesel, a empresa Orbitrade, que \u00e9 o maior produtor de mamona do Brasil, tamb\u00e9m abriu um complexo industrial para produ\u00e7\u00e3o de biodiesel no munic\u00edpio feirense.<\/p>\n<p>A cidade tamb\u00e9m conta com unidades das ind\u00fastrias Pirelli Pneus, Jossan da Bahia, Cervejaria Kaiser, Refrigerantes da Bahia (pertencente \u00e0 Coca-Cola), Locarpe Embalagens, Parmalat, Qu\u00edmica Geral do Nordeste, entre outras. A cidade tem como hidrel\u00e9trica mais pr\u00f3xima a Barragem da Pedra do Cavalo, no Rio Paragua\u00e7u.<\/p>\n<h3 class=\"style4\">Pontos tur\u00edsticos<\/h3>\n<p>Feira de Santana \u00e9 famosa tamb\u00e9m por suas festas t\u00edpicas, como a da Senhora Sant&#8217;Ana, na segunda quinzena de julho, com bumba-meu-boi, segura-a-v\u00e9ia, burrinha e outros folguedos populares; a Micareta, conhecida como Carnaval fora de \u00e9poca, comemorada na cidade 15 dias ap\u00f3s a P\u00e1scoa, a Micareta do munic\u00edpio foi a primeira do Brasil; o Festival de Violeiros, em setembro; e a Corrida de Jegues, em novembro.<\/p>\n<p>A cidade tem como principais pontos tur\u00edsticos a est\u00e1tua do &#8220;Vaqueiro&#8221;, s\u00edmbolo que representa a cidade, j\u00e1 que foi fundada originalmente por vaqueiros que atravessavam aquela regi\u00e3o levando seus gados; a Igreja Senhor do Passos, localizada no centro da cidade, e uma das maiores da regi\u00e3o; o Mercado de Arte, (vale lembrar que o Mercado de Arte antes de ser o famoso Centro cultural da cidade foi o grande centro de comercializa\u00e7\u00e3o de todos os produtos se constituindo na maior feira livre do Nordeste logo se transferindo para o Centro de Abastecimento), local onde s\u00e3o exibidos e comercializados produtos artesanais, produzidos por artistas da cidade e proximidades; o &#8220;Feiraguai&#8221;, esp\u00e9cie de centro comercial, composto por centenas de camel\u00f4s, que comercializam produtos importados como eletroeletr\u00f4nicos, roupas, cal\u00e7ados, brinquedos, artigos para casa e escrit\u00f3rio e outros, que em sua maioria s\u00e3o importados do Paraguai; o Observat\u00f3rio Astron\u00f4mico Antares, situado no bairro do Jardim Cruzeiro e atualmente administrado pela UEFS; Os museus de Arte Contempor\u00e2nea, Casa do Sert\u00e3o e regional; o Museu Parque do Saber Dival da Silva Pitombo, que consiste em um moderno planet\u00e1rio, de \u00faltima gera\u00e7\u00e3o, s\u00e9timo existente no mundo e o primeiro instalado na Am\u00e9rica do Sul. As Igrejas Senhor dos Passos (em estilo neo g\u00f3tico), Nossa Senhora dos Rem\u00e9dios e a Catedral de Santana (Matriz), monumento \u00e0 hero\u00edna Maria Quit\u00e9ria, o Pa\u00e7o Municipal, o Museu Parque do Saber.<\/p>\n<p>Para homenagear a comunidade de moradores desta maravilhosa cidade, o <a title=\"Encontra Bahia\" href=\"https:\/\/www.encontrabahia.com.br\/\" target=\"_blank\" rel=\"noopener noreferrer\">Encontra Bahia<\/a> criou o <a title=\"Encontra Feira de Santana\" href=\"https:\/\/www.encontrafeiradesantana.com.br\/\" target=\"_blank\" rel=\"noopener noreferrer\">Encontra Feira de Santana<\/a>.<\/p>\n\n<div style=\"font-size: 0px; height: 0px; line-height: 0px; margin: 0; padding: 0; clear: both;\"><\/div>","protected":false},"excerpt":{"rendered":"<p>Limites &#8211; Cidades Vizinhas Santa B\u00e1rbara, Santan\u00f3polis, Tanquinho, Candeal, Ant\u00f4nio Cardoso, S\u00e3o Gon\u00e7alo dos Campos, Santo Amaro da Purifica\u00e7\u00e3o, Cora\u00e7\u00e3o de Maria, Anguera, Serra Preta, Ipecaet\u00e1, Am\u00e9lia Rodrigues e Concei\u00e7\u00e3o do Jacu\u00edpe. Dados Principais sobre Feira de Santana Anivers\u00e1rio: 18 de Setembro Funda\u00e7\u00e3o: 1873 Gent\u00edlico: Feirense Area: 1 362,880 Km\u00b2 Popula\u00e7\u00e3o: 556 756 hab. (2010) IDH: 0,740 &#8211; m\u00e9dio Prefeitura Feira de Santana Hist\u00f3ria de Feira de Santana Feira de Santana \u00e9 um munic\u00edpio brasileiro do estado da Bahia, situado a 107 quil\u00f4metros de sua capital, Salvador, \u00e0 qual se liga atrav\u00e9s da BR-324. Feira \u00e9 a segunda cidade mais <\/p>\n","protected":false},"author":1,"featured_media":0,"parent":0,"menu_order":0,"comment_status":"closed","ping_status":"closed","template":"","meta":{"footnotes":""},"class_list":["post-489","page","type-page","status-publish","hentry"],"aioseo_notices":[],"_links":{"self":[{"href":"https:\/\/www.encontrafeiradesantana.com.br\/sobre\/wp-json\/wp\/v2\/pages\/489","targetHints":{"allow":["GET"]}}],"collection":[{"href":"https:\/\/www.encontrafeiradesantana.com.br\/sobre\/wp-json\/wp\/v2\/pages"}],"about":[{"href":"https:\/\/www.encontrafeiradesantana.com.br\/sobre\/wp-json\/wp\/v2\/types\/page"}],"author":[{"embeddable":true,"href":"https:\/\/www.encontrafeiradesantana.com.br\/sobre\/wp-json\/wp\/v2\/users\/1"}],"replies":[{"embeddable":true,"href":"https:\/\/www.encontrafeiradesantana.com.br\/sobre\/wp-json\/wp\/v2\/comments?post=489"}],"version-history":[{"count":9,"href":"https:\/\/www.encontrafeiradesantana.com.br\/sobre\/wp-json\/wp\/v2\/pages\/489\/revisions"}],"predecessor-version":[{"id":1319,"href":"https:\/\/www.encontrafeiradesantana.com.br\/sobre\/wp-json\/wp\/v2\/pages\/489\/revisions\/1319"}],"wp:attachment":[{"href":"https:\/\/www.encontrafeiradesantana.com.br\/sobre\/wp-json\/wp\/v2\/media?parent=489"}],"curies":[{"name":"wp","href":"https:\/\/api.w.org\/{rel}","templated":true}]}}